{"id":16,"date":"2020-06-29T17:44:31","date_gmt":"2020-06-29T17:44:31","guid":{"rendered":"http:\/\/dein-kleiner-friseur.de\/?page_id=16"},"modified":"2024-07-29T17:13:11","modified_gmt":"2024-07-29T17:13:11","slug":"home","status":"publish","type":"page","link":"http:\/\/dein-kleiner-friseur.de\/","title":{"rendered":"Home"},"content":{"rendered":"\n<p>Willkommen auf meiner Homepage!<br>Hier findest Du alle wichtigen Informationen \u00fcber Deinen kleinen Friseur.<\/p>\n\n\n\n<p>Ab September 2024 biete ich zus\u00e4tzlich Fu\u00dfpflege an!<\/p>\n\n\n\n<p>F\u00fcr eine Terminvereinbarung ruft mich gern an oder schreibt mir per WhatsApp.<br><\/p>\n\n\n\n<p>Ich freue mich auf euch!<br>Sandra<\/p>\n","protected":false},"excerpt":{"rendered":"<p>Willkommen auf meiner Homepage!Hier findest Du alle wichtigen Informationen \u00fcber Deinen kleinen Friseur. Ab September 2024 biete ich zus\u00e4tzlich Fu\u00dfpflege an! F\u00fcr eine Terminvereinbarung ruft mich gern an oder schreibt mir per WhatsApp. Ich freue mich auf euch!Sandra<\/p>\n","protected":false},"author":1,"featured_media":0,"parent":0,"menu_order":0,"comment_status":"closed","ping_status":"closed","template":"","meta":{"footnotes":""},"class_list":["post-16","page","type-page","status-publish","hentry"],"_links":{"self":[{"href":"http:\/\/dein-kleiner-friseur.de\/index.php?rest_route=\/wp\/v2\/pages\/16"}],"collection":[{"href":"http:\/\/dein-kleiner-friseur.de\/index.php?rest_route=\/wp\/v2\/pages"}],"about":[{"href":"http:\/\/dein-kleiner-friseur.de\/index.php?rest_route=\/wp\/v2\/types\/page"}],"author":[{"embeddable":true,"href":"http:\/\/dein-kleiner-friseur.de\/index.php?rest_route=\/wp\/v2\/users\/1"}],"replies":[{"embeddable":true,"href":"http:\/\/dein-kleiner-friseur.de\/index.php?rest_route=%2Fwp%2Fv2%2Fcomments&post=16"}],"version-history":[{"count":3,"href":"http:\/\/dein-kleiner-friseur.de\/index.php?rest_route=\/wp\/v2\/pages\/16\/revisions"}],"predecessor-version":[{"id":54,"href":"http:\/\/dein-kleiner-friseur.de\/index.php?rest_route=\/wp\/v2\/pages\/16\/revisions\/54"}],"wp:attachment":[{"href":"http:\/\/dein-kleiner-friseur.de\/index.php?rest_route=%2Fwp%2Fv2%2Fmedia&parent=16"}],"curies":[{"name":"wp","href":"https:\/\/api.w.org\/{rel}","templated":true}]}}